{"id":722,"date":"2026-01-05T12:15:32","date_gmt":"2026-01-05T12:15:32","guid":{"rendered":"https:\/\/attitude.bio\/?page_id=722"},"modified":"2026-01-12T14:32:45","modified_gmt":"2026-01-12T14:32:45","slug":"attitude-bio","status":"publish","type":"page","link":"https:\/\/attitude.bio\/de\/","title":{"rendered":"Attitude Bio"},"content":{"rendered":"<div data-elementor-type=\"wp-page\" data-elementor-id=\"722\" class=\"elementor elementor-722\">\n\t\t\t\t<div class=\"elementor-element elementor-element-cfc72b8 e-flex e-con-boxed e-con e-parent\" data-id=\"cfc72b8\" data-element_type=\"container\">\n\t\t\t\t\t<div class=\"e-con-inner\">\n\t\t\t\t<div class=\"elementor-element elementor-element-2d2f0bd elementor-widget elementor-widget-image\" data-id=\"2d2f0bd\" data-element_type=\"widget\" data-widget_type=\"image.default\">\n\t\t\t\t<div class=\"elementor-widget-container\">\n\t\t\t<style>\/*! elementor - v3.22.0 - 24-06-2024 *\/\n.elementor-widget-image{text-align:center}.elementor-widget-image a{display:inline-block}.elementor-widget-image a img[src$=\".svg\"]{width:48px}.elementor-widget-image img{vertical-align:middle;display:inline-block}<\/style>\t\t\t\t\t\t\t\t\t\t<img fetchpriority=\"high\" decoding=\"async\" width=\"800\" height=\"625\" src=\"https:\/\/attitude.bio\/wp-content\/uploads\/2024\/07\/Attitude-Bio-Logo-2009-1-1024x800.png\" class=\"attachment-large size-large wp-image-671\" alt=\"\" srcset=\"https:\/\/attitude.bio\/wp-content\/uploads\/2024\/07\/Attitude-Bio-Logo-2009-1-1024x800.png 1024w, https:\/\/attitude.bio\/wp-content\/uploads\/2024\/07\/Attitude-Bio-Logo-2009-1-300x234.png 300w, https:\/\/attitude.bio\/wp-content\/uploads\/2024\/07\/Attitude-Bio-Logo-2009-1-768x600.png 768w, https:\/\/attitude.bio\/wp-content\/uploads\/2024\/07\/Attitude-Bio-Logo-2009-1-15x12.png 15w, https:\/\/attitude.bio\/wp-content\/uploads\/2024\/07\/Attitude-Bio-Logo-2009-1-600x469.png 600w, https:\/\/attitude.bio\/wp-content\/uploads\/2024\/07\/Attitude-Bio-Logo-2009-1.png 1384w\" sizes=\"(max-width: 800px) 100vw, 800px\" \/>\t\t\t\t\t\t\t\t\t\t\t\t\t<\/div>\n\t\t\t\t<\/div>\n\t\t\t\t<div class=\"elementor-element elementor-element-a97016a elementor-widget elementor-widget-text-editor\" data-id=\"a97016a\" data-element_type=\"widget\" data-widget_type=\"text-editor.default\">\n\t\t\t\t<div class=\"elementor-widget-container\">\n\t\t\t<style>\/*! elementor - v3.22.0 - 24-06-2024 *\/\n.elementor-widget-text-editor.elementor-drop-cap-view-stacked .elementor-drop-cap{background-color:#69727d;color:#fff}.elementor-widget-text-editor.elementor-drop-cap-view-framed .elementor-drop-cap{color:#69727d;border:3px solid;background-color:transparent}.elementor-widget-text-editor:not(.elementor-drop-cap-view-default) .elementor-drop-cap{margin-top:8px}.elementor-widget-text-editor:not(.elementor-drop-cap-view-default) .elementor-drop-cap-letter{width:1em;height:1em}.elementor-widget-text-editor .elementor-drop-cap{float:left;text-align:center;line-height:1;font-size:50px}.elementor-widget-text-editor .elementor-drop-cap-letter{display:inline-block}<\/style>\t\t\t\t<div class=\"elementToProof\" data-ogsc=\"rgb(0, 0, 0)\">Grossiste depuis 2004, nous s\u00e9lectionnons et valorisons des produits issus d\u2019agricultures biologique, biodynamique, r\u00e9g\u00e9n\u00e9ratrice et de la permaculture.<\/div>\t\t\t\t\t\t<\/div>\n\t\t\t\t<\/div>\n\t\t\t\t<div class=\"elementor-element elementor-element-cbeddc5 elementor-widget elementor-widget-text-editor\" data-id=\"cbeddc5\" data-element_type=\"widget\" data-widget_type=\"text-editor.default\">\n\t\t\t\t<div class=\"elementor-widget-container\">\n\t\t\t\t\t\t\t<div class=\"elementToProof\" data-ogsc=\"rgb(0, 0, 0)\"><div class=\"elementToProof\" data-ogsc=\"rgb(0, 0, 0)\">Attitude Bio SA<\/div><div class=\"elementToProof\" data-ogsc=\"rgb(0, 0, 0)\">Chemin de l&#8217;Alouette Lulu 24<\/div><div class=\"elementToProof\" data-ogsc=\"rgb(0, 0, 0)\">1955 Saint-Pierre-de-Clages \/ VS<\/div><div class=\"elementToProof\" data-ogsc=\"rgb(0, 0, 0)\"><a class=\"ms-outlook-linkify\" href=\"mailto:contact@attitude-bio.ch\" data-ogsc=\"\">contact@attitude-bio.ch<\/a><\/div><div class=\"elementToProof\" data-ogsc=\"rgb(0, 0, 0)\">T <a href=\"tel: 41228840000\">+41 22 884 00 00<\/a>\u00a0<\/div><\/div>\t\t\t\t\t\t<\/div>\n\t\t\t\t<\/div>\n\t\t\t\t\t<\/div>\n\t\t\t\t<\/div>\n\t\t\t\t<\/div>","protected":false},"excerpt":{"rendered":"<p>Grossiste depuis 2004, nous s\u00e9lectionnons et valorisons des produits issus d\u2019agricultures biologique, biodynamique, r\u00e9g\u00e9n\u00e9ratrice et de la permaculture.Attitude Bio SAChemin de l&#8217;Alouette Lulu 241955 Saint-Pierre-de-Clages \/ VScontact@attitude-bio.chT +41 22 884 00 00\u00a0<\/p>","protected":false},"author":1,"featured_media":0,"parent":0,"menu_order":0,"comment_status":"closed","ping_status":"closed","template":"elementor_canvas","meta":{"footnotes":""},"class_list":["post-722","page","type-page","status-publish","hentry"],"yoast_head":"<!-- This site is optimized with the Yoast SEO plugin v23.0 - https:\/\/yoast.com\/wordpress\/plugins\/seo\/ -->\n<title>Attitude Bio - Attitude Bio - Cosm\u00e9tiques et produits naturels<\/title>\n<meta name=\"robots\" content=\"index, follow, max-snippet:-1, max-image-preview:large, max-video-preview:-1\" \/>\n<link rel=\"canonical\" href=\"https:\/\/attitude.bio\/de\/\" \/>\n<meta property=\"og:locale\" content=\"de_DE\" \/>\n<meta property=\"og:type\" content=\"article\" \/>\n<meta property=\"og:title\" content=\"Attitude Bio - Attitude Bio - Cosm\u00e9tiques et produits naturels\" \/>\n<meta property=\"og:description\" content=\"Grossiste depuis 2004, nous s\u00e9lectionnons et valorisons des produits issus d\u2019agricultures biologique, biodynamique, r\u00e9g\u00e9n\u00e9ratrice et de la permaculture.Attitude Bio SAChemin de l&#8217;Alouette Lulu 241955 Saint-Pierre-de-Clages \/ VScontact@attitude-bio.chT +41 22 884 00 00\u00a0\" \/>\n<meta property=\"og:url\" content=\"https:\/\/attitude.bio\/de\/\" \/>\n<meta property=\"og:site_name\" content=\"Attitude Bio - Cosm\u00e9tiques et produits naturels\" \/>\n<meta property=\"article:modified_time\" content=\"2026-01-12T14:32:45+00:00\" \/>\n<meta property=\"og:image\" content=\"http:\/\/attitude.bio\/wp-content\/uploads\/2024\/07\/Attitude-Bio-Logo-2009-1-1024x800.png\" \/>\n<meta name=\"twitter:card\" content=\"summary_large_image\" \/>\n<meta name=\"twitter:label1\" content=\"Gesch\u00e4tzte Lesezeit\" \/>\n\t<meta name=\"twitter:data1\" content=\"1\u00a0Minute\" \/>\n<script type=\"application\/ld+json\" class=\"yoast-schema-graph\">{\"@context\":\"https:\/\/schema.org\",\"@graph\":[{\"@type\":\"WebPage\",\"@id\":\"https:\/\/attitude.bio\/\",\"url\":\"https:\/\/attitude.bio\/\",\"name\":\"Attitude Bio - Attitude Bio - Cosm\u00e9tiques et produits naturels\",\"isPartOf\":{\"@id\":\"https:\/\/attitude.bio\/#website\"},\"primaryImageOfPage\":{\"@id\":\"https:\/\/attitude.bio\/#primaryimage\"},\"image\":{\"@id\":\"https:\/\/attitude.bio\/#primaryimage\"},\"thumbnailUrl\":\"http:\/\/attitude.bio\/wp-content\/uploads\/2024\/07\/Attitude-Bio-Logo-2009-1-1024x800.png\",\"datePublished\":\"2026-01-05T12:15:32+00:00\",\"dateModified\":\"2026-01-12T14:32:45+00:00\",\"breadcrumb\":{\"@id\":\"https:\/\/attitude.bio\/#breadcrumb\"},\"inLanguage\":\"de-CH\",\"potentialAction\":[{\"@type\":\"ReadAction\",\"target\":[\"https:\/\/attitude.bio\/\"]}]},{\"@type\":\"ImageObject\",\"inLanguage\":\"de-CH\",\"@id\":\"https:\/\/attitude.bio\/#primaryimage\",\"url\":\"http:\/\/attitude.bio\/wp-content\/uploads\/2024\/07\/Attitude-Bio-Logo-2009-1-1024x800.png\",\"contentUrl\":\"http:\/\/attitude.bio\/wp-content\/uploads\/2024\/07\/Attitude-Bio-Logo-2009-1-1024x800.png\"},{\"@type\":\"BreadcrumbList\",\"@id\":\"https:\/\/attitude.bio\/#breadcrumb\",\"itemListElement\":[{\"@type\":\"ListItem\",\"position\":1,\"name\":\"Home\",\"item\":\"https:\/\/attitude.bio\/\"},{\"@type\":\"ListItem\",\"position\":2,\"name\":\"Attitude Bio\"}]},{\"@type\":\"WebSite\",\"@id\":\"https:\/\/attitude.bio\/#website\",\"url\":\"https:\/\/attitude.bio\/\",\"name\":\"Attitude Bio - Cosm\u00e9tiques et produits naturels\",\"description\":\"\",\"publisher\":{\"@id\":\"https:\/\/attitude.bio\/#organization\"},\"potentialAction\":[{\"@type\":\"SearchAction\",\"target\":{\"@type\":\"EntryPoint\",\"urlTemplate\":\"https:\/\/attitude.bio\/?s={search_term_string}\"},\"query-input\":\"required name=search_term_string\"}],\"inLanguage\":\"de-CH\"},{\"@type\":\"Organization\",\"@id\":\"https:\/\/attitude.bio\/#organization\",\"name\":\"Attitude Bio - Cosm\u00e9tiques et produits naturels\",\"url\":\"https:\/\/attitude.bio\/\",\"logo\":{\"@type\":\"ImageObject\",\"inLanguage\":\"de-CH\",\"@id\":\"https:\/\/attitude.bio\/#\/schema\/logo\/image\/\",\"url\":\"https:\/\/attitude.bio\/wp-content\/uploads\/2024\/07\/cropped-Attitude-Bio-Logo-2009.png\",\"contentUrl\":\"https:\/\/attitude.bio\/wp-content\/uploads\/2024\/07\/cropped-Attitude-Bio-Logo-2009.png\",\"width\":1382,\"height\":1081,\"caption\":\"Attitude Bio - Cosm\u00e9tiques et produits naturels\"},\"image\":{\"@id\":\"https:\/\/attitude.bio\/#\/schema\/logo\/image\/\"}}]}<\/script>\n<!-- \/ Yoast SEO plugin. -->","yoast_head_json":{"title":"Attitude Bio - Attitude Bio - Cosm\u00e9tiques et produits naturels","robots":{"index":"index","follow":"follow","max-snippet":"max-snippet:-1","max-image-preview":"max-image-preview:large","max-video-preview":"max-video-preview:-1"},"canonical":"https:\/\/attitude.bio\/de\/","og_locale":"de_DE","og_type":"article","og_title":"Attitude Bio - Attitude Bio - Cosm\u00e9tiques et produits naturels","og_description":"Grossiste depuis 2004, nous s\u00e9lectionnons et valorisons des produits issus d\u2019agricultures biologique, biodynamique, r\u00e9g\u00e9n\u00e9ratrice et de la permaculture.Attitude Bio SAChemin de l&#8217;Alouette Lulu 241955 Saint-Pierre-de-Clages \/ VScontact@attitude-bio.chT +41 22 884 00 00\u00a0","og_url":"https:\/\/attitude.bio\/de\/","og_site_name":"Attitude Bio - Cosm\u00e9tiques et produits naturels","article_modified_time":"2026-01-12T14:32:45+00:00","og_image":[{"url":"http:\/\/attitude.bio\/wp-content\/uploads\/2024\/07\/Attitude-Bio-Logo-2009-1-1024x800.png"}],"twitter_card":"summary_large_image","twitter_misc":{"Gesch\u00e4tzte Lesezeit":"1\u00a0Minute"},"schema":{"@context":"https:\/\/schema.org","@graph":[{"@type":"WebPage","@id":"https:\/\/attitude.bio\/","url":"https:\/\/attitude.bio\/","name":"Attitude Bio - Attitude Bio - Cosm\u00e9tiques et produits naturels","isPartOf":{"@id":"https:\/\/attitude.bio\/#website"},"primaryImageOfPage":{"@id":"https:\/\/attitude.bio\/#primaryimage"},"image":{"@id":"https:\/\/attitude.bio\/#primaryimage"},"thumbnailUrl":"http:\/\/attitude.bio\/wp-content\/uploads\/2024\/07\/Attitude-Bio-Logo-2009-1-1024x800.png","datePublished":"2026-01-05T12:15:32+00:00","dateModified":"2026-01-12T14:32:45+00:00","breadcrumb":{"@id":"https:\/\/attitude.bio\/#breadcrumb"},"inLanguage":"de-CH","potentialAction":[{"@type":"ReadAction","target":["https:\/\/attitude.bio\/"]}]},{"@type":"ImageObject","inLanguage":"de-CH","@id":"https:\/\/attitude.bio\/#primaryimage","url":"http:\/\/attitude.bio\/wp-content\/uploads\/2024\/07\/Attitude-Bio-Logo-2009-1-1024x800.png","contentUrl":"http:\/\/attitude.bio\/wp-content\/uploads\/2024\/07\/Attitude-Bio-Logo-2009-1-1024x800.png"},{"@type":"BreadcrumbList","@id":"https:\/\/attitude.bio\/#breadcrumb","itemListElement":[{"@type":"ListItem","position":1,"name":"Home","item":"https:\/\/attitude.bio\/"},{"@type":"ListItem","position":2,"name":"Attitude Bio"}]},{"@type":"WebSite","@id":"https:\/\/attitude.bio\/#website","url":"https:\/\/attitude.bio\/","name":"Attitude Bio - Cosm\u00e9tiques et produits naturels","description":"","publisher":{"@id":"https:\/\/attitude.bio\/#organization"},"potentialAction":[{"@type":"SearchAction","target":{"@type":"EntryPoint","urlTemplate":"https:\/\/attitude.bio\/?s={search_term_string}"},"query-input":"required name=search_term_string"}],"inLanguage":"de-CH"},{"@type":"Organization","@id":"https:\/\/attitude.bio\/#organization","name":"Attitude Bio - Cosm\u00e9tiques et produits naturels","url":"https:\/\/attitude.bio\/","logo":{"@type":"ImageObject","inLanguage":"de-CH","@id":"https:\/\/attitude.bio\/#\/schema\/logo\/image\/","url":"https:\/\/attitude.bio\/wp-content\/uploads\/2024\/07\/cropped-Attitude-Bio-Logo-2009.png","contentUrl":"https:\/\/attitude.bio\/wp-content\/uploads\/2024\/07\/cropped-Attitude-Bio-Logo-2009.png","width":1382,"height":1081,"caption":"Attitude Bio - Cosm\u00e9tiques et produits naturels"},"image":{"@id":"https:\/\/attitude.bio\/#\/schema\/logo\/image\/"}}]}},"_links":{"self":[{"href":"https:\/\/attitude.bio\/de\/wp-json\/wp\/v2\/pages\/722","targetHints":{"allow":["GET"]}}],"collection":[{"href":"https:\/\/attitude.bio\/de\/wp-json\/wp\/v2\/pages"}],"about":[{"href":"https:\/\/attitude.bio\/de\/wp-json\/wp\/v2\/types\/page"}],"author":[{"embeddable":true,"href":"https:\/\/attitude.bio\/de\/wp-json\/wp\/v2\/users\/1"}],"replies":[{"embeddable":true,"href":"https:\/\/attitude.bio\/de\/wp-json\/wp\/v2\/comments?post=722"}],"version-history":[{"count":16,"href":"https:\/\/attitude.bio\/de\/wp-json\/wp\/v2\/pages\/722\/revisions"}],"predecessor-version":[{"id":741,"href":"https:\/\/attitude.bio\/de\/wp-json\/wp\/v2\/pages\/722\/revisions\/741"}],"wp:attachment":[{"href":"https:\/\/attitude.bio\/de\/wp-json\/wp\/v2\/media?parent=722"}],"curies":[{"name":"wp","href":"https:\/\/api.w.org\/{rel}","templated":true}]}}