{"id":64,"date":"2024-03-15T08:38:07","date_gmt":"2024-03-15T08:38:07","guid":{"rendered":"http:\/\/attitude.bio\/?page_id=64"},"modified":"2024-07-08T14:30:13","modified_gmt":"2024-07-08T14:30:13","slug":"a-propos","status":"publish","type":"page","link":"http:\/\/attitude.bio\/de\/a-propos\/","title":{"rendered":"\u00dcber uns"},"content":{"rendered":"<div data-elementor-type=\"wp-page\" data-elementor-id=\"64\" class=\"elementor elementor-64\">\n\t\t\t\t\t\t<section class=\"elementor-section elementor-top-section elementor-element elementor-element-264b2d87 elementor-section-boxed elementor-section-height-default elementor-section-height-default\" data-id=\"264b2d87\" data-element_type=\"section\" data-settings=\"{&quot;background_background&quot;:&quot;classic&quot;}\">\n\t\t\t\t\t\t\t<div class=\"elementor-background-overlay\"><\/div>\n\t\t\t\t\t\t\t<div class=\"elementor-container elementor-column-gap-default\">\n\t\t\t\t\t<div class=\"elementor-column elementor-col-33 elementor-top-column elementor-element elementor-element-67f272dd\" data-id=\"67f272dd\" data-element_type=\"column\">\n\t\t\t<div class=\"elementor-widget-wrap elementor-element-populated\">\n\t\t\t\t\t\t<div class=\"elementor-element elementor-element-7681f7ad elementor-widget elementor-widget-image\" data-id=\"7681f7ad\" data-element_type=\"widget\" data-widget_type=\"image.default\">\n\t\t\t\t<div class=\"elementor-widget-container\">\n\t\t\t<style>\/*! elementor - v3.22.0 - 24-06-2024 *\/\n.elementor-widget-image{text-align:center}.elementor-widget-image a{display:inline-block}.elementor-widget-image a img[src$=\".svg\"]{width:48px}.elementor-widget-image img{vertical-align:middle;display:inline-block}<\/style>\t\t\t\t\t\t\t\t\t\t<img fetchpriority=\"high\" decoding=\"async\" width=\"800\" height=\"800\" src=\"http:\/\/attitude.bio\/wp-content\/uploads\/2024\/03\/Logo-AB-blanc-1024x1024.png\" class=\"attachment-large size-large wp-image-257\" alt=\"\" srcset=\"http:\/\/attitude.bio\/wp-content\/uploads\/2024\/03\/Logo-AB-blanc-1024x1024.png 1024w, http:\/\/attitude.bio\/wp-content\/uploads\/2024\/03\/Logo-AB-blanc-300x300.png 300w, http:\/\/attitude.bio\/wp-content\/uploads\/2024\/03\/Logo-AB-blanc-150x150.png 150w, http:\/\/attitude.bio\/wp-content\/uploads\/2024\/03\/Logo-AB-blanc-768x768.png 768w, http:\/\/attitude.bio\/wp-content\/uploads\/2024\/03\/Logo-AB-blanc-600x600.png 600w, http:\/\/attitude.bio\/wp-content\/uploads\/2024\/03\/Logo-AB-blanc-100x100.png 100w, http:\/\/attitude.bio\/wp-content\/uploads\/2024\/03\/Logo-AB-blanc.png 1080w\" sizes=\"(max-width: 800px) 100vw, 800px\" \/>\t\t\t\t\t\t\t\t\t\t\t\t\t<\/div>\n\t\t\t\t<\/div>\n\t\t\t\t\t<\/div>\n\t\t<\/div>\n\t\t\t\t<div class=\"elementor-column elementor-col-66 elementor-top-column elementor-element elementor-element-41bab00\" data-id=\"41bab00\" data-element_type=\"column\">\n\t\t\t<div class=\"elementor-widget-wrap elementor-element-populated\">\n\t\t\t\t\t\t<div class=\"elementor-element elementor-element-3f4030a1 elementor-widget elementor-widget-heading\" data-id=\"3f4030a1\" data-element_type=\"widget\" data-widget_type=\"heading.default\">\n\t\t\t\t<div class=\"elementor-widget-container\">\n\t\t\t<style>\/*! elementor - v3.22.0 - 24-06-2024 *\/\n.elementor-heading-title{padding:0;margin:0;line-height:1}.elementor-widget-heading .elementor-heading-title[class*=elementor-size-]>a{color:inherit;font-size:inherit;line-height:inherit}.elementor-widget-heading .elementor-heading-title.elementor-size-small{font-size:15px}.elementor-widget-heading .elementor-heading-title.elementor-size-medium{font-size:19px}.elementor-widget-heading .elementor-heading-title.elementor-size-large{font-size:29px}.elementor-widget-heading .elementor-heading-title.elementor-size-xl{font-size:39px}.elementor-widget-heading .elementor-heading-title.elementor-size-xxl{font-size:59px}<\/style><h1 class=\"elementor-heading-title elementor-size-default\">\u00dcber uns<\/h1>\t\t<\/div>\n\t\t\t\t<\/div>\n\t\t\t\t<div class=\"elementor-element elementor-element-4210ecc0 elementor-widget elementor-widget-text-editor\" data-id=\"4210ecc0\" data-element_type=\"widget\" data-widget_type=\"text-editor.default\">\n\t\t\t\t<div class=\"elementor-widget-container\">\n\t\t\t<style>\/*! elementor - v3.22.0 - 24-06-2024 *\/\n.elementor-widget-text-editor.elementor-drop-cap-view-stacked .elementor-drop-cap{background-color:#69727d;color:#fff}.elementor-widget-text-editor.elementor-drop-cap-view-framed .elementor-drop-cap{color:#69727d;border:3px solid;background-color:transparent}.elementor-widget-text-editor:not(.elementor-drop-cap-view-default) .elementor-drop-cap{margin-top:8px}.elementor-widget-text-editor:not(.elementor-drop-cap-view-default) .elementor-drop-cap-letter{width:1em;height:1em}.elementor-widget-text-editor .elementor-drop-cap{float:left;text-align:center;line-height:1;font-size:50px}.elementor-widget-text-editor .elementor-drop-cap-letter{display:inline-block}<\/style>\t\t\t\t<p>D\u00e9couvrez-en plus \u00e0 propos d&#8217;Attitude Bio SA et de ses activit\u00e9s<\/p>\t\t\t\t\t\t<\/div>\n\t\t\t\t<\/div>\n\t\t\t\t\t<\/div>\n\t\t<\/div>\n\t\t\t\t\t<\/div>\n\t\t<\/section>\n\t\t\t\t<section class=\"elementor-section elementor-top-section elementor-element elementor-element-5a2acf60 elementor-reverse-mobile elementor-section-boxed elementor-section-height-default elementor-section-height-default\" data-id=\"5a2acf60\" data-element_type=\"section\" data-settings=\"{&quot;background_background&quot;:&quot;classic&quot;}\">\n\t\t\t\t\t\t\t<div class=\"elementor-background-overlay\"><\/div>\n\t\t\t\t\t\t\t<div class=\"elementor-container elementor-column-gap-default\">\n\t\t\t\t\t<div class=\"elementor-column elementor-col-50 elementor-top-column elementor-element elementor-element-fc89910\" data-id=\"fc89910\" data-element_type=\"column\">\n\t\t\t<div class=\"elementor-widget-wrap elementor-element-populated\">\n\t\t\t\t\t\t<div class=\"elementor-element elementor-element-3cc8ce12 elementor-widget elementor-widget-heading\" data-id=\"3cc8ce12\" data-element_type=\"widget\" data-widget_type=\"heading.default\">\n\t\t\t\t<div class=\"elementor-widget-container\">\n\t\t\t<h2 class=\"elementor-heading-title elementor-size-default\">\u00dcber uns<\/h2>\t\t<\/div>\n\t\t\t\t<\/div>\n\t\t\t\t<div class=\"elementor-element elementor-element-11c52a5 elementor-widget elementor-widget-text-editor\" data-id=\"11c52a5\" data-element_type=\"widget\" data-widget_type=\"text-editor.default\">\n\t\t\t\t<div class=\"elementor-widget-container\">\n\t\t\t\t\t\t\t<p>2004 gr\u00fcndeten wir Attitude Bio SA als Vertriebsgro\u00dfh\u00e4ndler mit dem Ziel, den Demokratisierungsprozess von Bioprodukten auf dem Schweizer Markt zu dynamisieren.<br \/><br \/>Wir haben starke und langfristige Partnerschaften mit unseren Lieferanten und Kunden aufgebaut, sodass wir unsere Produkte in allen Vertriebskan\u00e4len anbieten k\u00f6nnen.<\/p>\t\t\t\t\t\t<\/div>\n\t\t\t\t<\/div>\n\t\t\t\t\t<\/div>\n\t\t<\/div>\n\t\t\t\t<div class=\"elementor-column elementor-col-50 elementor-top-column elementor-element elementor-element-1c4c53a7\" data-id=\"1c4c53a7\" data-element_type=\"column\">\n\t\t\t<div class=\"elementor-widget-wrap elementor-element-populated\">\n\t\t\t\t\t\t<div class=\"elementor-element elementor-element-6f4df528 elementor-widget elementor-widget-image\" data-id=\"6f4df528\" data-element_type=\"widget\" data-widget_type=\"image.default\">\n\t\t\t\t<div class=\"elementor-widget-container\">\n\t\t\t\t\t\t\t\t\t\t\t\t\t<img decoding=\"async\" width=\"686\" height=\"442\" src=\"http:\/\/attitude.bio\/wp-content\/uploads\/2024\/03\/Capture-decran-2024-03-15-a-13.34.58.png\" class=\"attachment-large size-large wp-image-262\" alt=\"\" srcset=\"http:\/\/attitude.bio\/wp-content\/uploads\/2024\/03\/Capture-decran-2024-03-15-a-13.34.58.png 686w, http:\/\/attitude.bio\/wp-content\/uploads\/2024\/03\/Capture-decran-2024-03-15-a-13.34.58-300x193.png 300w, http:\/\/attitude.bio\/wp-content\/uploads\/2024\/03\/Capture-decran-2024-03-15-a-13.34.58-600x387.png 600w\" sizes=\"(max-width: 686px) 100vw, 686px\" \/>\t\t\t\t\t\t\t\t\t\t\t\t\t<\/div>\n\t\t\t\t<\/div>\n\t\t\t\t\t<\/div>\n\t\t<\/div>\n\t\t\t\t\t<\/div>\n\t\t<\/section>\n\t\t\t\t<section class=\"elementor-section elementor-top-section elementor-element elementor-element-46b8ecee elementor-section-boxed elementor-section-height-default elementor-section-height-default\" data-id=\"46b8ecee\" data-element_type=\"section\" data-settings=\"{&quot;background_background&quot;:&quot;classic&quot;}\">\n\t\t\t\t\t\t<div class=\"elementor-container elementor-column-gap-default\">\n\t\t\t\t\t<div class=\"elementor-column elementor-col-100 elementor-top-column elementor-element elementor-element-3160376e\" data-id=\"3160376e\" data-element_type=\"column\">\n\t\t\t<div class=\"elementor-widget-wrap elementor-element-populated\">\n\t\t\t\t\t\t<div class=\"elementor-element elementor-element-5ab7e77b elementor-widget elementor-widget-heading\" data-id=\"5ab7e77b\" data-element_type=\"widget\" data-widget_type=\"heading.default\">\n\t\t\t\t<div class=\"elementor-widget-container\">\n\t\t\t<h2 class=\"elementor-heading-title elementor-size-default\">Aktuelle Partnertypen<\/h2>\t\t<\/div>\n\t\t\t\t<\/div>\n\t\t\t\t\t<\/div>\n\t\t<\/div>\n\t\t\t\t\t<\/div>\n\t\t<\/section>\n\t\t\t\t<section class=\"elementor-section elementor-top-section elementor-element elementor-element-6f8220ae elementor-section-boxed elementor-section-height-default elementor-section-height-default\" data-id=\"6f8220ae\" data-element_type=\"section\" data-settings=\"{&quot;background_background&quot;:&quot;classic&quot;}\">\n\t\t\t\t\t\t<div class=\"elementor-container elementor-column-gap-default\">\n\t\t\t\t\t<div class=\"elementor-column elementor-col-33 elementor-top-column elementor-element elementor-element-310c0b0b\" data-id=\"310c0b0b\" data-element_type=\"column\">\n\t\t\t<div class=\"elementor-widget-wrap elementor-element-populated\">\n\t\t\t\t\t\t<div class=\"elementor-element elementor-element-1b673321 elementor-vertical-align-top elementor-widget elementor-widget-icon-box\" data-id=\"1b673321\" data-element_type=\"widget\" data-widget_type=\"icon-box.default\">\n\t\t\t\t<div class=\"elementor-widget-container\">\n\t\t\t<link rel=\"stylesheet\" href=\"https:\/\/attitude.bio\/wp-content\/plugins\/elementor\/assets\/css\/widget-icon-box.min.css\">\t\t<div class=\"elementor-icon-box-wrapper\">\n\n\t\t\t\n\t\t\t\t\t\t<div class=\"elementor-icon-box-content\">\n\n\t\t\t\t\t\t\t\t\t<h3 class=\"elementor-icon-box-title\">\n\t\t\t\t\t\t<span  >\n\t\t\t\t\t\t\tKaufh\u00e4user\t\t\t\t\t\t<\/span>\n\t\t\t\t\t<\/h3>\n\t\t\t\t\n\t\t\t\t\n\t\t\t<\/div>\n\t\t\t\n\t\t<\/div>\n\t\t\t\t<\/div>\n\t\t\t\t<\/div>\n\t\t\t\t\t<\/div>\n\t\t<\/div>\n\t\t\t\t<div class=\"elementor-column elementor-col-33 elementor-top-column elementor-element elementor-element-26ac2da3\" data-id=\"26ac2da3\" data-element_type=\"column\">\n\t\t\t<div class=\"elementor-widget-wrap elementor-element-populated\">\n\t\t\t\t\t\t<div class=\"elementor-element elementor-element-2a47b9a2 elementor-vertical-align-top elementor-widget elementor-widget-icon-box\" data-id=\"2a47b9a2\" data-element_type=\"widget\" data-widget_type=\"icon-box.default\">\n\t\t\t\t<div class=\"elementor-widget-container\">\n\t\t\t\t\t<div class=\"elementor-icon-box-wrapper\">\n\n\t\t\t\n\t\t\t\t\t\t<div class=\"elementor-icon-box-content\">\n\n\t\t\t\t\t\t\t\t\t<h3 class=\"elementor-icon-box-title\">\n\t\t\t\t\t\t<span  >\n\t\t\t\t\t\t\tBio-Fachgesch\u00e4fte\t\t\t\t\t\t<\/span>\n\t\t\t\t\t<\/h3>\n\t\t\t\t\n\t\t\t\t\n\t\t\t<\/div>\n\t\t\t\n\t\t<\/div>\n\t\t\t\t<\/div>\n\t\t\t\t<\/div>\n\t\t\t\t\t<\/div>\n\t\t<\/div>\n\t\t\t\t<div class=\"elementor-column elementor-col-33 elementor-top-column elementor-element elementor-element-c9ea1bb\" data-id=\"c9ea1bb\" data-element_type=\"column\">\n\t\t\t<div class=\"elementor-widget-wrap elementor-element-populated\">\n\t\t\t\t\t\t<div class=\"elementor-element elementor-element-1e231dcf elementor-vertical-align-top elementor-widget elementor-widget-icon-box\" data-id=\"1e231dcf\" data-element_type=\"widget\" data-widget_type=\"icon-box.default\">\n\t\t\t\t<div class=\"elementor-widget-container\">\n\t\t\t\t\t<div class=\"elementor-icon-box-wrapper\">\n\n\t\t\t\n\t\t\t\t\t\t<div class=\"elementor-icon-box-content\">\n\n\t\t\t\t\t\t\t\t\t<h3 class=\"elementor-icon-box-title\">\n\t\t\t\t\t\t<span  >\n\t\t\t\t\t\t\tDrogerien\t\t\t\t\t\t<\/span>\n\t\t\t\t\t<\/h3>\n\t\t\t\t\n\t\t\t\t\n\t\t\t<\/div>\n\t\t\t\n\t\t<\/div>\n\t\t\t\t<\/div>\n\t\t\t\t<\/div>\n\t\t\t\t\t<\/div>\n\t\t<\/div>\n\t\t\t\t\t<\/div>\n\t\t<\/section>\n\t\t\t\t<section class=\"elementor-section elementor-top-section elementor-element elementor-element-fe8c0a8 elementor-section-boxed elementor-section-height-default elementor-section-height-default\" data-id=\"fe8c0a8\" data-element_type=\"section\" data-settings=\"{&quot;background_background&quot;:&quot;classic&quot;}\">\n\t\t\t\t\t\t<div class=\"elementor-container elementor-column-gap-default\">\n\t\t\t\t\t<div class=\"elementor-column elementor-col-33 elementor-top-column elementor-element elementor-element-3e5a99d\" data-id=\"3e5a99d\" data-element_type=\"column\">\n\t\t\t<div class=\"elementor-widget-wrap elementor-element-populated\">\n\t\t\t\t\t\t<div class=\"elementor-element elementor-element-4048950 elementor-vertical-align-top elementor-widget elementor-widget-icon-box\" data-id=\"4048950\" data-element_type=\"widget\" data-widget_type=\"icon-box.default\">\n\t\t\t\t<div class=\"elementor-widget-container\">\n\t\t\t\t\t<div class=\"elementor-icon-box-wrapper\">\n\n\t\t\t\n\t\t\t\t\t\t<div class=\"elementor-icon-box-content\">\n\n\t\t\t\t\t\t\t\t\t<h3 class=\"elementor-icon-box-title\">\n\t\t\t\t\t\t<span  >\n\t\t\t\t\t\t\tPharmacies\t\t\t\t\t\t<\/span>\n\t\t\t\t\t<\/h3>\n\t\t\t\t\n\t\t\t\t\n\t\t\t<\/div>\n\t\t\t\n\t\t<\/div>\n\t\t\t\t<\/div>\n\t\t\t\t<\/div>\n\t\t\t\t\t<\/div>\n\t\t<\/div>\n\t\t\t\t<div class=\"elementor-column elementor-col-33 elementor-top-column elementor-element elementor-element-cdeccf6\" data-id=\"cdeccf6\" data-element_type=\"column\">\n\t\t\t<div class=\"elementor-widget-wrap elementor-element-populated\">\n\t\t\t\t\t\t<div class=\"elementor-element elementor-element-84b83e1 elementor-vertical-align-top elementor-widget elementor-widget-icon-box\" data-id=\"84b83e1\" data-element_type=\"widget\" data-widget_type=\"icon-box.default\">\n\t\t\t\t<div class=\"elementor-widget-container\">\n\t\t\t\t\t<div class=\"elementor-icon-box-wrapper\">\n\n\t\t\t\n\t\t\t\t\t\t<div class=\"elementor-icon-box-content\">\n\n\t\t\t\t\t\t\t\t\t<h3 class=\"elementor-icon-box-title\">\n\t\t\t\t\t\t<span  >\n\t\t\t\t\t\t\tBoutiques & e-commerces\t\t\t\t\t\t<\/span>\n\t\t\t\t\t<\/h3>\n\t\t\t\t\n\t\t\t\t\n\t\t\t<\/div>\n\t\t\t\n\t\t<\/div>\n\t\t\t\t<\/div>\n\t\t\t\t<\/div>\n\t\t\t\t\t<\/div>\n\t\t<\/div>\n\t\t\t\t<div class=\"elementor-column elementor-col-33 elementor-top-column elementor-element elementor-element-98cdf3a\" data-id=\"98cdf3a\" data-element_type=\"column\">\n\t\t\t<div class=\"elementor-widget-wrap elementor-element-populated\">\n\t\t\t\t\t\t<div class=\"elementor-element elementor-element-2fa1526 elementor-vertical-align-top elementor-widget elementor-widget-icon-box\" data-id=\"2fa1526\" data-element_type=\"widget\" data-widget_type=\"icon-box.default\">\n\t\t\t\t<div class=\"elementor-widget-container\">\n\t\t\t\t\t<div class=\"elementor-icon-box-wrapper\">\n\n\t\t\t\n\t\t\t\t\t\t<div class=\"elementor-icon-box-content\">\n\n\t\t\t\t\t\t\t\t\t<h3 class=\"elementor-icon-box-title\">\n\t\t\t\t\t\t<span  >\n\t\t\t\t\t\t\tSch\u00f6nheitssalons\t\t\t\t\t\t<\/span>\n\t\t\t\t\t<\/h3>\n\t\t\t\t\n\t\t\t\t\n\t\t\t<\/div>\n\t\t\t\n\t\t<\/div>\n\t\t\t\t<\/div>\n\t\t\t\t<\/div>\n\t\t\t\t\t<\/div>\n\t\t<\/div>\n\t\t\t\t\t<\/div>\n\t\t<\/section>\n\t\t\t\t<\/div>","protected":false},"excerpt":{"rendered":"<p>A propos D\u00e9couvrez-en plus \u00e0 propos d&#8217;Attitude Bio SA et de ses activit\u00e9s Qui sommes-nous En 2004, nous avons cr\u00e9\u00e9 Attitude Bio SA en tant que grossiste distributeur dans le but de dynamiser le processus de d\u00e9mocratisation des produits biologiques sur le march\u00e9 suisse. Nous avons \u00e9tabli des partenariats solides et durables avec nos fournisseurs [&hellip;]<\/p>","protected":false},"author":1,"featured_media":0,"parent":0,"menu_order":0,"comment_status":"closed","ping_status":"closed","template":"elementor_canvas","meta":{"footnotes":""},"class_list":["post-64","page","type-page","status-publish","hentry"],"yoast_head":"<!-- This site is optimized with the Yoast SEO plugin v23.0 - https:\/\/yoast.com\/wordpress\/plugins\/seo\/ -->\n<title>A propos - Attitude Bio - Cosm\u00e9tiques et produits naturels<\/title>\n<meta name=\"robots\" content=\"index, follow, max-snippet:-1, max-image-preview:large, max-video-preview:-1\" \/>\n<link rel=\"canonical\" href=\"http:\/\/attitude.bio\/de\/a-propos\/\" \/>\n<meta property=\"og:locale\" content=\"de_DE\" \/>\n<meta property=\"og:type\" content=\"article\" \/>\n<meta property=\"og:title\" content=\"A propos - Attitude Bio - Cosm\u00e9tiques et produits naturels\" \/>\n<meta property=\"og:description\" content=\"A propos D\u00e9couvrez-en plus \u00e0 propos d&#8217;Attitude Bio SA et de ses activit\u00e9s Qui sommes-nous En 2004, nous avons cr\u00e9\u00e9 Attitude Bio SA en tant que grossiste distributeur dans le but de dynamiser le processus de d\u00e9mocratisation des produits biologiques sur le march\u00e9 suisse. Nous avons \u00e9tabli des partenariats solides et durables avec nos fournisseurs [&hellip;]\" \/>\n<meta property=\"og:url\" content=\"http:\/\/attitude.bio\/de\/a-propos\/\" \/>\n<meta property=\"og:site_name\" content=\"Attitude Bio - Cosm\u00e9tiques et produits naturels\" \/>\n<meta property=\"article:modified_time\" content=\"2024-07-08T14:30:13+00:00\" \/>\n<meta property=\"og:image\" content=\"http:\/\/attitude.bio\/wp-content\/uploads\/2024\/03\/Logo-AB-blanc-1024x1024.png\" \/>\n<meta name=\"twitter:card\" content=\"summary_large_image\" \/>\n<script type=\"application\/ld+json\" class=\"yoast-schema-graph\">{\"@context\":\"https:\/\/schema.org\",\"@graph\":[{\"@type\":\"WebPage\",\"@id\":\"https:\/\/attitude.bio\/a-propos\/\",\"url\":\"https:\/\/attitude.bio\/a-propos\/\",\"name\":\"A propos - Attitude Bio - Cosm\u00e9tiques et produits naturels\",\"isPartOf\":{\"@id\":\"https:\/\/attitude.bio\/#website\"},\"primaryImageOfPage\":{\"@id\":\"https:\/\/attitude.bio\/a-propos\/#primaryimage\"},\"image\":{\"@id\":\"https:\/\/attitude.bio\/a-propos\/#primaryimage\"},\"thumbnailUrl\":\"http:\/\/attitude.bio\/wp-content\/uploads\/2024\/03\/Logo-AB-blanc-1024x1024.png\",\"datePublished\":\"2024-03-15T08:38:07+00:00\",\"dateModified\":\"2024-07-08T14:30:13+00:00\",\"breadcrumb\":{\"@id\":\"https:\/\/attitude.bio\/a-propos\/#breadcrumb\"},\"inLanguage\":\"de-CH\",\"potentialAction\":[{\"@type\":\"ReadAction\",\"target\":[\"https:\/\/attitude.bio\/a-propos\/\"]}]},{\"@type\":\"ImageObject\",\"inLanguage\":\"de-CH\",\"@id\":\"https:\/\/attitude.bio\/a-propos\/#primaryimage\",\"url\":\"http:\/\/attitude.bio\/wp-content\/uploads\/2024\/03\/Logo-AB-blanc-1024x1024.png\",\"contentUrl\":\"http:\/\/attitude.bio\/wp-content\/uploads\/2024\/03\/Logo-AB-blanc-1024x1024.png\"},{\"@type\":\"BreadcrumbList\",\"@id\":\"https:\/\/attitude.bio\/a-propos\/#breadcrumb\",\"itemListElement\":[{\"@type\":\"ListItem\",\"position\":1,\"name\":\"Home\",\"item\":\"https:\/\/attitude.bio\/\"},{\"@type\":\"ListItem\",\"position\":2,\"name\":\"A propos\"}]},{\"@type\":\"WebSite\",\"@id\":\"https:\/\/attitude.bio\/#website\",\"url\":\"https:\/\/attitude.bio\/\",\"name\":\"Attitude Bio - Cosm\u00e9tiques et produits naturels\",\"description\":\"\",\"publisher\":{\"@id\":\"https:\/\/attitude.bio\/#organization\"},\"potentialAction\":[{\"@type\":\"SearchAction\",\"target\":{\"@type\":\"EntryPoint\",\"urlTemplate\":\"https:\/\/attitude.bio\/?s={search_term_string}\"},\"query-input\":\"required name=search_term_string\"}],\"inLanguage\":\"de-CH\"},{\"@type\":\"Organization\",\"@id\":\"https:\/\/attitude.bio\/#organization\",\"name\":\"Attitude Bio - Cosm\u00e9tiques et produits naturels\",\"url\":\"https:\/\/attitude.bio\/\",\"logo\":{\"@type\":\"ImageObject\",\"inLanguage\":\"de-CH\",\"@id\":\"https:\/\/attitude.bio\/#\/schema\/logo\/image\/\",\"url\":\"http:\/\/attitude.bio\/wp-content\/uploads\/2024\/07\/cropped-Attitude-Bio-Logo-2009.png\",\"contentUrl\":\"http:\/\/attitude.bio\/wp-content\/uploads\/2024\/07\/cropped-Attitude-Bio-Logo-2009.png\",\"width\":1382,\"height\":1081,\"caption\":\"Attitude Bio - Cosm\u00e9tiques et produits naturels\"},\"image\":{\"@id\":\"https:\/\/attitude.bio\/#\/schema\/logo\/image\/\"}}]}<\/script>\n<!-- \/ Yoast SEO plugin. -->","yoast_head_json":{"title":"A propos - Attitude Bio - Cosm\u00e9tiques et produits naturels","robots":{"index":"index","follow":"follow","max-snippet":"max-snippet:-1","max-image-preview":"max-image-preview:large","max-video-preview":"max-video-preview:-1"},"canonical":"http:\/\/attitude.bio\/de\/a-propos\/","og_locale":"de_DE","og_type":"article","og_title":"A propos - Attitude Bio - Cosm\u00e9tiques et produits naturels","og_description":"A propos D\u00e9couvrez-en plus \u00e0 propos d&#8217;Attitude Bio SA et de ses activit\u00e9s Qui sommes-nous En 2004, nous avons cr\u00e9\u00e9 Attitude Bio SA en tant que grossiste distributeur dans le but de dynamiser le processus de d\u00e9mocratisation des produits biologiques sur le march\u00e9 suisse. Nous avons \u00e9tabli des partenariats solides et durables avec nos fournisseurs [&hellip;]","og_url":"http:\/\/attitude.bio\/de\/a-propos\/","og_site_name":"Attitude Bio - Cosm\u00e9tiques et produits naturels","article_modified_time":"2024-07-08T14:30:13+00:00","og_image":[{"url":"http:\/\/attitude.bio\/wp-content\/uploads\/2024\/03\/Logo-AB-blanc-1024x1024.png"}],"twitter_card":"summary_large_image","schema":{"@context":"https:\/\/schema.org","@graph":[{"@type":"WebPage","@id":"https:\/\/attitude.bio\/a-propos\/","url":"https:\/\/attitude.bio\/a-propos\/","name":"A propos - Attitude Bio - Cosm\u00e9tiques et produits naturels","isPartOf":{"@id":"https:\/\/attitude.bio\/#website"},"primaryImageOfPage":{"@id":"https:\/\/attitude.bio\/a-propos\/#primaryimage"},"image":{"@id":"https:\/\/attitude.bio\/a-propos\/#primaryimage"},"thumbnailUrl":"http:\/\/attitude.bio\/wp-content\/uploads\/2024\/03\/Logo-AB-blanc-1024x1024.png","datePublished":"2024-03-15T08:38:07+00:00","dateModified":"2024-07-08T14:30:13+00:00","breadcrumb":{"@id":"https:\/\/attitude.bio\/a-propos\/#breadcrumb"},"inLanguage":"de-CH","potentialAction":[{"@type":"ReadAction","target":["https:\/\/attitude.bio\/a-propos\/"]}]},{"@type":"ImageObject","inLanguage":"de-CH","@id":"https:\/\/attitude.bio\/a-propos\/#primaryimage","url":"http:\/\/attitude.bio\/wp-content\/uploads\/2024\/03\/Logo-AB-blanc-1024x1024.png","contentUrl":"http:\/\/attitude.bio\/wp-content\/uploads\/2024\/03\/Logo-AB-blanc-1024x1024.png"},{"@type":"BreadcrumbList","@id":"https:\/\/attitude.bio\/a-propos\/#breadcrumb","itemListElement":[{"@type":"ListItem","position":1,"name":"Home","item":"https:\/\/attitude.bio\/"},{"@type":"ListItem","position":2,"name":"A propos"}]},{"@type":"WebSite","@id":"https:\/\/attitude.bio\/#website","url":"https:\/\/attitude.bio\/","name":"Attitude Bio - Cosm\u00e9tiques et produits naturels","description":"","publisher":{"@id":"https:\/\/attitude.bio\/#organization"},"potentialAction":[{"@type":"SearchAction","target":{"@type":"EntryPoint","urlTemplate":"https:\/\/attitude.bio\/?s={search_term_string}"},"query-input":"required name=search_term_string"}],"inLanguage":"de-CH"},{"@type":"Organization","@id":"https:\/\/attitude.bio\/#organization","name":"Attitude Bio - Cosm\u00e9tiques et produits naturels","url":"https:\/\/attitude.bio\/","logo":{"@type":"ImageObject","inLanguage":"de-CH","@id":"https:\/\/attitude.bio\/#\/schema\/logo\/image\/","url":"http:\/\/attitude.bio\/wp-content\/uploads\/2024\/07\/cropped-Attitude-Bio-Logo-2009.png","contentUrl":"http:\/\/attitude.bio\/wp-content\/uploads\/2024\/07\/cropped-Attitude-Bio-Logo-2009.png","width":1382,"height":1081,"caption":"Attitude Bio - Cosm\u00e9tiques et produits naturels"},"image":{"@id":"https:\/\/attitude.bio\/#\/schema\/logo\/image\/"}}]}},"_links":{"self":[{"href":"http:\/\/attitude.bio\/de\/wp-json\/wp\/v2\/pages\/64","targetHints":{"allow":["GET"]}}],"collection":[{"href":"http:\/\/attitude.bio\/de\/wp-json\/wp\/v2\/pages"}],"about":[{"href":"http:\/\/attitude.bio\/de\/wp-json\/wp\/v2\/types\/page"}],"author":[{"embeddable":true,"href":"http:\/\/attitude.bio\/de\/wp-json\/wp\/v2\/users\/1"}],"replies":[{"embeddable":true,"href":"http:\/\/attitude.bio\/de\/wp-json\/wp\/v2\/comments?post=64"}],"version-history":[{"count":25,"href":"http:\/\/attitude.bio\/de\/wp-json\/wp\/v2\/pages\/64\/revisions"}],"predecessor-version":[{"id":607,"href":"http:\/\/attitude.bio\/de\/wp-json\/wp\/v2\/pages\/64\/revisions\/607"}],"wp:attachment":[{"href":"http:\/\/attitude.bio\/de\/wp-json\/wp\/v2\/media?parent=64"}],"curies":[{"name":"wp","href":"https:\/\/api.w.org\/{rel}","templated":true}]}}